{"id":94,"date":"2022-10-11T10:23:56","date_gmt":"2022-10-11T10:23:56","guid":{"rendered":"http:\/\/smartcities2022.cway.pt\/?page_id=94"},"modified":"2022-10-11T10:23:58","modified_gmt":"2022-10-11T10:23:58","slug":"cway-smartcity","status":"publish","type":"page","link":"https:\/\/smartcities2022.cway.pt\/","title":{"rendered":"CWAY SMARTCITY"},"content":{"rendered":"\n  \n    <section class=\"u-clearfix u-grey-10 u-section-1\" id=\"sec-82ac\">\n      <div class=\"u-clearfix u-sheet u-sheet-1\">\n        <h3 class=\"u-align-center u-custom-font u-text u-text-1\">Passadeira inteligente CWAY&nbsp;- Registo de patente N\u00ba110379<br>Ambiente nocturno - Visibilidade muito reduzida&nbsp;<br>Alarmistica de pe\u00e3o activa - Ponta Delgada - A\u00e7ores&nbsp;\n        <\/h3>\n        <h3 class=\"u-align-center u-custom-font u-text u-text-2\">&nbsp;nwalksensor - Sensor de Contagem de Pedestres<br>Instala\u00e7\u00e3o Invisiv\u00e9l&nbsp;<br>Trilhos - Caminhos Pedonais&nbsp;<br>Comunic\u00e7\u00e3o NB-iot \/ 4G&nbsp;\n        <\/h3>\n        <div class=\"u-clearfix u-expanded-width u-gutter-30 u-layout-wrap u-layout-wrap-1\">\n          <div class=\"u-layout\">\n            <div class=\"u-layout-row\">\n              <div class=\"u-align-left u-container-style u-layout-cell u-left-cell u-size-30 u-layout-cell-1\">\n                <div class=\"u-container-layout u-container-layout-1\">\n                  <div class=\"u-align-left u-expanded u-uploaded-video u-video\">\n                    <div class=\"embed-responsive\">\n                      <video class=\"embed-responsive-item\" data-autoplay=\"1\" loop=\"\" muted=\"1\" autoplay=\"autoplay\" playsinline=\"\">\n                        <source src=\"https:\/\/smartcities2022.cway.pt\/wp-content\/uploads\/2022\/10\/PDL__Testes_noite-2.mp4\" type=\"video\/mp4\">\n                        <p>Your browser does not support HTML5 video.<\/p>\n                      <\/video>\n                    <\/div>\n                  <\/div>\n                <\/div>\n              <\/div>\n              <div class=\"u-align-left u-container-style u-layout-cell u-size-30 u-layout-cell-2\">\n                <div class=\"u-container-layout u-container-layout-2\">\n                  <div class=\"u-align-left u-expanded u-uploaded-video u-video\">\n                    <div class=\"embed-responsive\">\n                      <video class=\"embed-responsive-item\" data-autoplay=\"1\" loop=\"\" muted=\"1\" autoplay=\"autoplay\" playsinline=\"\">\n                        <source src=\"https:\/\/smartcities2022.cway.pt\/wp-content\/uploads\/2022\/10\/VIDEO-2022-nWALKsensor-1.mp4\" type=\"video\/mp4\">\n                        <p>Your browser does not support HTML5 video.<\/p>\n                      <\/video>\n                    <\/div>\n                  <\/div>\n                <\/div>\n              <\/div>\n            <\/div>\n          <\/div>\n        <\/div>\n      <\/div>\n    <\/section>\n    <section class=\"u-clearfix u-grey-10 u-section-2\" id=\"sec-62ab\">\n      <div class=\"u-clearfix u-sheet u-sheet-1\">\n        <h3 class=\"u-align-center u-custom-font u-text u-text-1\">Coluna nCWAY - Registo de Patente N\u00ba 117850&nbsp;<br>Coluna 100% independente energecticamemte&nbsp;<br>100% Garantida&nbsp;<br>Sem Obras<br>Solar e E\u00f3lica&nbsp;\n        <\/h3>\n        <img decoding=\"async\" class=\"u-image u-image-contain u-image-round u-radius-10 u-image-1\" src=\"https:\/\/smartcities2022.cway.pt\/wp-content\/uploads\/2022\/10\/nCWAY-1.png\" alt=\"\" data-image-width=\"930\" data-image-height=\"1476\">\n        <h3 class=\"u-align-center u-custom-font u-text u-text-2\">Descubra as nossa solu\u00e7\u00f5es junto da nossa Equipa&nbsp;<br>\n          <br>CCTV Inteligente \/ Parceiro Bosch<br>Sensor de estacionamento&nbsp;<br>Digibird - Salas de controlo&nbsp;<br>Solu\u00e7\u00f5es para dete\u00e7\u00e3o de Fumo e Fogo em Florestas&nbsp;\n        <\/h3>\n        <img decoding=\"async\" class=\"u-image u-image-contain u-image-round u-radius-10 u-image-2\" src=\"https:\/\/smartcities2022.cway.pt\/wp-content\/uploads\/2022\/10\/Cway_logo2022-3.png\" alt=\"\" data-image-width=\"2363\" data-image-height=\"923\">\n      <\/div>\n    <\/section>\n    \n    \n    \n    \n  \n","protected":false},"excerpt":{"rendered":"<p>Passadeira inteligente CWAY&nbsp;&#8211; Registo de patente N\u00ba110379Ambiente nocturno &#8211; Visibilidade muito reduzida&nbsp;Alarmistica de pe\u00e3o activa &#8211; Ponta Delgada &#8211; A\u00e7ores&nbsp; &nbsp;nwalksensor &#8211; Sensor de Contagem de PedestresInstala\u00e7\u00e3o Invisiv\u00e9l&nbsp;Trilhos &#8211; Caminhos Pedonais&nbsp;Comunic\u00e7\u00e3o NB-iot \/ 4G&nbsp; Your browser does not support HTML5 video. Your browser does not support HTML5 video. Coluna nCWAY &#8211; Registo de Patente N\u00ba &hellip; <a href=\"https:\/\/smartcities2022.cway.pt\/\" class=\"more-link\">Continue reading<span class=\"screen-reader-text\"> &#8220;CWAY SMARTCITY&#8221;<\/span><\/a><\/p>\n","protected":false},"author":1,"featured_media":0,"parent":0,"menu_order":4,"comment_status":"closed","ping_status":"closed","template":"","meta":{"footnotes":""},"class_list":["post-94","page","type-page","status-publish","hentry"],"_links":{"self":[{"href":"https:\/\/smartcities2022.cway.pt\/index.php?rest_route=\/wp\/v2\/pages\/94","targetHints":{"allow":["GET"]}}],"collection":[{"href":"https:\/\/smartcities2022.cway.pt\/index.php?rest_route=\/wp\/v2\/pages"}],"about":[{"href":"https:\/\/smartcities2022.cway.pt\/index.php?rest_route=\/wp\/v2\/types\/page"}],"author":[{"embeddable":true,"href":"https:\/\/smartcities2022.cway.pt\/index.php?rest_route=\/wp\/v2\/users\/1"}],"replies":[{"embeddable":true,"href":"https:\/\/smartcities2022.cway.pt\/index.php?rest_route=%2Fwp%2Fv2%2Fcomments&post=94"}],"version-history":[{"count":1,"href":"https:\/\/smartcities2022.cway.pt\/index.php?rest_route=\/wp\/v2\/pages\/94\/revisions"}],"predecessor-version":[{"id":105,"href":"https:\/\/smartcities2022.cway.pt\/index.php?rest_route=\/wp\/v2\/pages\/94\/revisions\/105"}],"wp:attachment":[{"href":"https:\/\/smartcities2022.cway.pt\/index.php?rest_route=%2Fwp%2Fv2%2Fmedia&parent=94"}],"curies":[{"name":"wp","href":"https:\/\/api.w.org\/{rel}","templated":true}]}}